{"id":25102891,"date":"2025-08-07T12:01:04","date_gmt":"2025-08-07T16:01:04","guid":{"rendered":"https:\/\/be-aster.com\/?page_id=25102891"},"modified":"2025-08-11T14:08:50","modified_gmt":"2025-08-11T18:08:50","slug":"about-us","status":"publish","type":"page","link":"https:\/\/be-aster.com\/es\/about-us\/","title":{"rendered":"Sobre nosotros"},"content":{"rendered":"<p><div class=\"et_d4_element et_pb_section et_pb_section_0 et_pb_with_background  et_pb_css_mix_blend_mode et_section_regular et_block_section\" >\n\t\t\t\t\n\t\t\t\t\n\t\t\t\t\n\t\t\t\t\n\t\t\t\t\n\t\t\t\t\n\t\t\t\t<div class=\"et_d4_element et_pb_row et_pb_row_0  et_pb_css_mix_blend_mode et_block_row\">\n\t\t\t\t<div class=\"et_d4_element et_pb_column_4_4 et_pb_column et_pb_column_0  et_pb_css_mix_blend_mode et-last-child et_block_column\">\n\t\t\t\t\n\t\t\t\t\n\t\t\t\t\n\t\t\t\t\n\t\t\t\t<div class=\"et_pb_module et_d4_element et_pb_text et_pb_text_0  et_pb_text_align_center et_pb_bg_layout_light\">\n\t\t\t\t\n\t\t\t\t\n\t\t\t\t\n\t\t\t\t\n\t\t\t\t<div class=\"et_pb_text_inner\"><h1>Damos forma al futuro de las marcas a trav\u00e9s del dise\u00f1o, la estrategia y la tecnolog\u00eda.<\/h1><\/div>\n\t\t\t<\/div>\n\t\t\t<\/div>\n\t\t\t\t\n\t\t\t\t\n\t\t\t\t\n\t\t\t\t\n\t\t\t<\/div>\n\t\t\t\t\n\t\t\t\t\n\t\t\t<\/div><div class=\"et_d4_element et_pb_section et_pb_section_1 et_pb_with_background  et_pb_css_mix_blend_mode et_section_regular et_block_section\" >\n\t\t\t\t\n\t\t\t\t\n\t\t\t\t\n\t\t\t\t\n\t\t\t\t\n\t\t\t\t\n\t\t\t\t<div class=\"et_d4_element et_pb_row et_pb_row_1 et_pb_equal_columns  et_pb_css_mix_blend_mode et_block_row\">\n\t\t\t\t<div class=\"et_d4_element et_pb_column_1_2 et_pb_column et_pb_column_1  et_pb_css_mix_blend_mode et_block_column\">\n\t\t\t\t\n\t\t\t\t\n\t\t\t\t\n\t\t\t\t\n\t\t\t\t<div class=\"et_pb_module et_d4_element et_pb_text et_pb_text_1  et_pb_text_align_left et_pb_bg_layout_light\">\n\t\t\t\t\n\t\t\t\t\n\t\t\t\t\n\t\t\t\t\n\t\t\t\t<div class=\"et_pb_text_inner\"><h2>\u00a1Hola! Somos Aster<\/h2><\/div>\n\t\t\t<\/div><div class=\"et_pb_module et_d4_element et_pb_text et_pb_text_2  et_pb_text_align_left et_pb_bg_layout_light\">\n\t\t\t\t\n\t\t\t\t\n\t\t\t\t\n\t\t\t\t\n\t\t\t\t<div class=\"et_pb_text_inner\"><p class=\"cvGsUA direction-ltr align-start para-style-body\"><span class=\"OYPEnA font-feature-liga-off font-feature-clig-off font-feature-calt-off text-decoration-none text-strikethrough-none\">Como ver\u00e1s, somos un poco diferentes a otras empresas, tanto en lo que hacemos como en c\u00f3mo lo hacemos.<\/span><\/p>\n<p class=\"cvGsUA direction-ltr align-start para-style-body\"><span class=\"OYPEnA font-feature-liga-off font-feature-clig-off font-feature-calt-off text-decoration-none text-strikethrough-none\">Hemos creado esta breve introducci\u00f3n para ayudarte a conocer un poco m\u00e1s sobre nosotros.<\/span><span class=\"OYPEnA font-feature-liga-off font-feature-clig-off font-feature-calt-off text-decoration-none text-strikethrough-none white-space-prewrap\"> <\/span><\/p>\n<p class=\"cvGsUA direction-ltr align-start para-style-body\"><span class=\"OYPEnA font-feature-liga-off font-feature-clig-off font-feature-calt-off text-decoration-none text-strikethrough-none\">Procuramos ser claros y transparentes. Pero si hay otras cosas que te gustar\u00eda saber, simplemente cont\u00e1ctanos por correo electr\u00f3nico<\/span><span class=\"OYPEnA font-feature-liga-off font-feature-clig-off font-feature-calt-off text-decoration-none text-strikethrough-none\">\u00a0y nos pondremos en contacto contigo.<\/span><\/p>\n<p class=\"cvGsUA direction-ltr align-start para-style-body\"><span class=\"OYPEnA font-feature-liga-off font-feature-clig-off font-feature-calt-off text-decoration-none text-strikethrough-none\">Queremos ayudarte a marcar la diferencia.<\/span><span class=\"OYPEnA font-feature-liga-off font-feature-clig-off font-feature-calt-off text-decoration-none text-strikethrough-none white-space-prewrap\"> <\/span><\/p><\/div>\n\t\t\t<\/div><div class=\"et_pb_button_module_wrapper et_pb_button_0_wrapper  et_pb_module\">\n\t\t\t\t<a class=\"et_pb_button et_d4_element et_pb_button_0 et_pb_bg_layout_light et_block_module\" href=\"https:\/\/be-aster.com\/es\/contact\/\" target=\"_blank\" data-icon=\"\uf35a\">Cont\u00e1ctanos<\/a>\n\t\t\t<\/div>\n\t\t\t<\/div><div class=\"et_d4_element et_pb_column_1_2 et_pb_column et_pb_column_2  et_pb_css_mix_blend_mode et-last-child et_block_column\">\n\t\t\t\t\n\t\t\t\t\n\t\t\t\t\n\t\t\t\t\n\t\t\t\t<div class=\"et_pb_module et_d4_element et_pb_divider_0 et_pb_space et_pb_divider_hidden\"><div class=\"et_pb_divider_internal\"><\/div><\/div><div class=\"et_pb_module et_d4_element et_pb_code et_pb_code_0\">\n\t\t\t\t\n\t\t\t\t\n\t\t\t\t\n\t\t\t\t\n\t\t\t\t<div class=\"et_pb_code_inner\"><style>\n  .aster-metrics-container {\n    display: flex;\n    flex-wrap: wrap;\n    justify-content: space-between;\n    background: #ffffff;\n    padding: 40px 20px;\n    font-family: 'Poppins', sans-serif;\n    text-align: center;\n  }\n\n  .aster-metric {\n    width: 48%;\n    margin-bottom: 40px;\n  }\n\n  .aster-metric h2 {\n    font-size: 48px;\n    margin: 0;\n    color: #13124f;\n  }\n\n  .aster-metric p {\n    margin-top: 0px;\n    font-size: 14px;\n  }\n\n  .aster-flags img {\n    height: 30px;\n    margin: 0 4px;\n  }\n\n  @media (max-width: 768px) {\n    .aster-metric {\n      width: 100%;\n    }\n  }\n<\/style>\n\n<div class=\"aster-metrics-container\">\n  <div class=\"aster-metric\">\n    <h2>6<\/h2>\n    A\u00f1os de vida\n  <\/div>\n\n  <div class=\"aster-metric\">\n    <h2>20+<\/h2>\n    A\u00f1os de experiencia acumulada\n  <\/div>\n\n  <div class=\"aster-metric aster-flags\">\n    <img decoding=\"async\" src=\"https:\/\/upload.wikimedia.org\/wikipedia\/commons\/f\/fc\/Flag_of_Mexico.svg\" alt=\"Mexico\">\n    <img decoding=\"async\" src=\"https:\/\/upload.wikimedia.org\/wikipedia\/en\/c\/cf\/Flag_of_Canada.svg\" alt=\"Canada\">\n    Tenemos operaciones en Norte Am\u00e9rica\n  <\/div>\n\n  <div class=\"aster-metric\">\n    <h2>150+<\/h2>\n    Proyectos y clientes\n  <\/div>\n\n  <div class=\"aster-metric\">\n    <h2>700+<\/h2>\n    Leads para nuestros clientes\n  <\/div>\n\n  <div class=\"aster-metric\">\n    <h2>$2M<\/h2>\n    de presupuesto de clientes gestionados actualmente\n  <\/div>\n  \n  <div class=\"aster-metric\" style=\"flex: 1 1 100%;\">\n    <h2 style=\"font-size: 48px; margin: 0; color: #13124f;\">1<\/h2>\n    <p style=\"margin: 0px 0 0;\">Un Equipo para todas tus necesidades digitales\n  <\/div>\n<\/div>\n<\/div>\n\t\t\t<\/div>\n\t\t\t<\/div>\n\t\t\t\t\n\t\t\t\t\n\t\t\t\t\n\t\t\t\t\n\t\t\t<\/div>\n\t\t\t\t\n\t\t\t\t\n\t\t\t<\/div><div class=\"et_d4_element et_pb_section et_pb_section_2 et_pb_with_background  et_pb_css_mix_blend_mode et_section_regular et_block_section\" >\n\t\t\t\t\n\t\t\t\t\n\t\t\t\t\n\t\t\t\t\n\t\t\t\t\n\t\t\t\t\n\t\t\t\t<div class=\"et_d4_element et_pb_row et_pb_row_2  et_pb_css_mix_blend_mode et_block_row\">\n\t\t\t\t<div class=\"et_d4_element et_pb_column_1_2 et_pb_column et_pb_column_3  et_pb_css_mix_blend_mode et_block_column\">\n\t\t\t\t\n\t\t\t\t\n\t\t\t\t\n\t\t\t\t\n\t\t\t\t<div class=\"et_pb_module et_d4_element et_pb_text et_pb_text_3  et_pb_text_align_left et_pb_bg_layout_light\">\n\t\t\t\t\n\t\t\t\t\n\t\t\t\t\n\t\t\t\t\n\t\t\t\t<div class=\"et_pb_text_inner\"><h3>Nuestra Misi\u00f3n es sencilla, pero poderosa:<\/h3><\/div>\n\t\t\t<\/div><div class=\"et_pb_module et_d4_element et_pb_text et_pb_text_4  et_pb_text_align_left et_pb_bg_layout_light\">\n\t\t\t\t\n\t\t\t\t\n\t\t\t\t\n\t\t\t\t\n\t\t\t\t<div class=\"et_pb_text_inner\"><p data-start=\"336\" data-end=\"495\"><strong>Empoderar a las personas, ideas y empresas que dan forma al futuro, con estrategia, creatividad y tecnolog\u00eda trabajando juntos.<\/strong><\/p>\n<p data-start=\"497\" data-end=\"740\">Lo hacemos ayudando a empresas de todos los tama\u00f1os a crecer mediante soluciones digitales integrales, adaptadas a sus necesidades. Desde branding hasta sitios web, de automatizaci\u00f3n a generaci\u00f3n de leads, hacemos que el crecimiento digital sea accesible, estrat\u00e9gico y sostenible.<\/p><\/div>\n\t\t\t<\/div>\n\t\t\t<\/div><div class=\"et_d4_element et_pb_column_1_2 et_pb_column et_pb_column_4  et_pb_css_mix_blend_mode et-last-child et_block_column\">\n\t\t\t\t\n\t\t\t\t\n\t\t\t\t\n\t\t\t\t\n\t\t\t\t<div class=\"et_pb_module et_d4_element et_pb_text et_pb_text_5  et_pb_text_align_left et_pb_bg_layout_light\">\n\t\t\t\t\n\t\t\t\t\n\t\t\t\t\n\t\t\t\t\n\t\t\t\t<div class=\"et_pb_text_inner\"><h3>Visi\u00f3n<\/h3><\/div>\n\t\t\t<\/div><div class=\"et_pb_module et_d4_element et_pb_text et_pb_text_6  et_pb_text_align_left et_pb_bg_layout_light\">\n\t\t\t\t\n\t\t\t\t\n\t\t\t\t\n\t\t\t\t\n\t\t\t\t<div class=\"et_pb_text_inner\"><p data-start=\"766\" data-end=\"923\">Ser tu socio para crecer tu organizaci\u00f3n de forma sostenible y constante en el camino digital impulsado por las personas y potenciado por la tecnolog\u00eda. Queremos verte generar un impacto duradero.<\/p><\/div>\n\t\t\t<\/div>\n\t\t\t<\/div>\n\t\t\t\t\n\t\t\t\t\n\t\t\t\t\n\t\t\t\t\n\t\t\t<\/div>\n\t\t\t\t\n\t\t\t\t\n\t\t\t<\/div><div class=\"et_d4_element et_pb_section et_pb_section_3  et_pb_css_mix_blend_mode et_section_regular et_block_section\" >\n\t\t\t\t\n\t\t\t\t\n\t\t\t\t\n\t\t\t\t\n\t\t\t\t\n\t\t\t\t\n\t\t\t\t<div class=\"et_d4_element et_pb_row et_pb_row_3 et_pb_equal_columns  et_pb_css_mix_blend_mode et_block_row\">\n\t\t\t\t<div class=\"et_d4_element et_pb_column_4_4 et_pb_column et_pb_column_5  et_pb_css_mix_blend_mode et-last-child et_block_column\">\n\t\t\t\t\n\t\t\t\t\n\t\t\t\t\n\t\t\t\t\n\t\t\t\t<div class=\"et_pb_module et_d4_element et_pb_text et_pb_text_7  et_pb_text_align_left et_pb_bg_layout_light\">\n\t\t\t\t\n\t\t\t\t\n\t\t\t\t\n\t\t\t\t\n\t\t\t\t<div class=\"et_pb_text_inner\"><h2><span class=\"OYPEnA font-feature-liga-off font-feature-clig-off font-feature-calt-off text-decoration-none text-strikethrough-none\">Por qu\u00e9 nos levantamos cada ma\u00f1ana<\/span><\/h2><\/div>\n\t\t\t<\/div><div class=\"et_pb_module et_d4_element et_pb_text et_pb_text_8  et_pb_text_align_left et_pb_bg_layout_light\">\n\t\t\t\t\n\t\t\t\t\n\t\t\t\t\n\t\t\t\t\n\t\t\t\t<div class=\"et_pb_text_inner\"><p class=\"cvGsUA direction-ltr align-start para-style-body\"><span class=\"OYPEnA font-feature-liga-off font-feature-clig-off font-feature-calt-off text-decoration-none text-strikethrough-none\">En las \u00faltimas d\u00e9cadas, hemos sido testigos de una explosi\u00f3n de innovaci\u00f3n y conectividad. La tecnolog\u00eda ha transformado la manera en que vivimos, aprendemos y trabajamos. Las peque\u00f1as empresas ahora pueden llegar a audiencias globales. Los emprendedores pueden escalar ideas m\u00e1s r\u00e1pido que nunca. Y las plataformas digitales han dado voz <\/span><span class=\"OYPEnA font-feature-liga-off font-feature-clig-off font-feature-calt-off text-decoration-none text-strikethrough-none\">y personalidad<\/span><span class=\"OYPEnA font-feature-liga-off font-feature-clig-off font-feature-calt-off text-decoration-none text-strikethrough-none\"> a cualquiera que tenga el valor de construirlas.<\/span><\/p>\n<p class=\"cvGsUA direction-ltr align-start para-style-body\">\n<p class=\"cvGsUA direction-ltr align-start para-style-body\"><span class=\"OYPEnA font-feature-liga-off font-feature-clig-off font-feature-calt-off text-decoration-none text-strikethrough-none\">Pero, a pesar de todo este progreso, los desaf\u00edos persisten: el ruido digital es m\u00e1s fuerte que nunca, la competencia es m\u00e1s intensa y, a pesar de tener las herramientas, muchos due\u00f1os de negocios se sienten perdidos, invisibles o abrumados.<\/span><\/p>\n<p class=\"cvGsUA direction-ltr align-start para-style-body\">\n<p class=\"cvGsUA direction-ltr align-start para-style-body\"><span class=\"OYPEnA font-feature-liga-off font-feature-clig-off font-feature-calt-off text-decoration-none text-strikethrough-none\">En <\/span><span class=\"OYPEnA font-feature-liga-off font-feature-clig-off font-feature-calt-off text-decoration-none text-strikethrough-none\">Aster<\/span><span class=\"OYPEnA font-feature-liga-off font-feature-clig-off font-feature-calt-off text-decoration-none text-strikethrough-none\">, creemos que el marketing no se trata solo de \u201clikes\u201d o clicks: se trata de impacto. Se trata de ayudar a los emprendedores a convertir ideas audaces en negocios sostenibles. Se trata de crear estrategias que empoderen a los equipos, inspiren confianza y generen crecimiento.<\/span><\/p><\/div>\n\t\t\t<\/div><div class=\"et_pb_module et_d4_element et_pb_code et_pb_code_1\">\n\t\t\t\t\n\t\t\t\t\n\t\t\t\t\n\t\t\t\t\n\t\t\t\t<div class=\"et_pb_code_inner\"><div class=\"aster-timeline-v2\">\n  <h2 class=\"aster-title\">Un viaje breve pero poderoso lleno de crecimiento y logros.<\/h2>\n  <div class=\"timeline-wrapper\">\n\n    <!-- Item -->\n    <div class=\"timeline-item left\">\n      <div class=\"content\">\n        <h3>2019<\/h3>\n        Nuestro primer cliente enciende nuestro prop\u00f3sito.\n      <\/div>\n    <\/div>\n\n    <div class=\"timeline-item right\">\n      <div class=\"content\">\n        <h3>2020<\/h3>\n        El primero colaborador agrega valor a nuestros clientes.\n      <\/div>\n    <\/div>\n\n    <div class=\"timeline-item left\">\n      <div class=\"content\">\n        <h3>2021<\/h3>\n        Nuestro fundador deja EY para crecer Aster\n      <\/div>\n    <\/div>\n\n    <div class=\"timeline-item right\">\n      <div class=\"content\">\n        <h3>2021<\/h3>\n        Cumplimos nuestra primera meta de 10+ clientes.\n      <\/div>\n    <\/div>\n\n    <div class=\"timeline-item left\">\n      <div class=\"content\">\n        <h3>2022<\/h3>\n        Las mentes maestras de Aster llegan a 6+.\n      <\/div>\n    <\/div>\n\n    <div class=\"timeline-item right\">\n      <div class=\"content\">\n        <h3>2022<\/h3>\n        El equipo crece!\n      <\/div>\n    <\/div>\n\n    <div class=\"timeline-item left\">\n      <div class=\"content\">\n        <h3>2022<\/h3>\n        Logramos nuestro primer Mill\u00f3n!\n      <\/div>\n    <\/div>\n\n    <div class=\"timeline-item right\">\n      <div class=\"content\">\n        <h3>2023<\/h3>\n        Nace Aster Canada\n      <\/div>\n    <\/div>\n\n    <div class=\"timeline-item left\">\n      <div class=\"content\">\n        <h3>2023<\/h3>\n        30+ clientes\n      <\/div>\n    <\/div>\n\n    <div class=\"timeline-item right\">\n      <div class=\"content\">\n        <h3>2024<\/h3>\n        Comenzamos a incorporar y crear servicios con IA.\n      <\/div>\n    <\/div>\n\n    <div class=\"timeline-item left\">\n      <div class=\"content\">\n        <h3>2025<\/h3>\n        Aster comienza sus operaciones en Canad\u00e1.\n      <\/div>\n    <\/div>\n\n    <!-- Final arrow -->\n    <div class=\"timeline-end-arrow\">\u2193<\/div>\n\n  <\/div>\n<\/div>\n\n<\/div>\n\t\t\t<\/div>\n\t\t\t<\/div>\n\t\t\t\t\n\t\t\t\t\n\t\t\t\t\n\t\t\t\t\n\t\t\t<\/div>\n\t\t\t\t\n\t\t\t\t\n\t\t\t<\/div><div class=\"et_d4_element et_pb_section et_pb_section_4 et_pb_with_background  et_pb_css_mix_blend_mode et_section_regular et_block_section\" >\n\t\t\t\t\n\t\t\t\t\n\t\t\t\t\n\t\t\t\t\n\t\t\t\t\n\t\t\t\t\n\t\t\t\t<div class=\"et_d4_element et_pb_row et_pb_row_4  et_pb_css_mix_blend_mode et_block_row\">\n\t\t\t\t<div class=\"et_d4_element et_pb_column_4_4 et_pb_column et_pb_column_6  et_pb_css_mix_blend_mode et-last-child et_block_column\">\n\t\t\t\t\n\t\t\t\t\n\t\t\t\t\n\t\t\t\t\n\t\t\t\t<div class=\"et_pb_module et_d4_element et_pb_text et_pb_text_9  et_pb_text_align_left et_pb_bg_layout_light\">\n\t\t\t\t\n\t\t\t\t\n\t\t\t\t\n\t\t\t\t\n\t\t\t\t<div class=\"et_pb_text_inner\"><h2><span class=\"OYPEnA font-feature-liga-off font-feature-clig-off font-feature-calt-off text-decoration-none text-strikethrough-none\">\u00bfQu\u00e9 sigue?<\/span><\/h2><\/div>\n\t\t\t<\/div>\n\t\t\t<\/div>\n\t\t\t\t\n\t\t\t\t\n\t\t\t\t\n\t\t\t\t\n\t\t\t<\/div><div class=\"et_d4_element et_pb_row et_pb_row_5 et_pb_equal_columns  et_pb_css_mix_blend_mode et_block_row\">\n\t\t\t\t<div class=\"et_d4_element et_pb_column_1_2 et_pb_column et_pb_column_7  et_pb_css_mix_blend_mode et_block_column\">\n\t\t\t\t\n\t\t\t\t\n\t\t\t\t\n\t\t\t\t\n\t\t\t\t<div class=\"et_pb_module et_d4_element et_pb_text et_pb_text_10  et_pb_text_align_left et_pb_bg_layout_light\">\n\t\t\t\t\n\t\t\t\t\n\t\t\t\t\n\t\t\t\t\n\t\t\t\t<div class=\"et_pb_text_inner\"><p class=\"cvGsUA direction-ltr align-start para-style-body\"><span class=\"OYPEnA font-feature-liga-off font-feature-clig-off font-feature-calt-off text-decoration-none text-strikethrough-none\">No solo son las ideas lo que nos mueve, sino las personas detr\u00e1s de ellas.<\/span><\/p>\n<p class=\"cvGsUA direction-ltr align-start para-style-body\"><span class=\"OYPEnA font-feature-liga-off font-feature-clig-off font-feature-calt-off text-decoration-none text-strikethrough-none\">Emprendedores, l\u00edderes y so\u00f1adores que miran la incertidumbre y a\u00fan as\u00ed dicen: construyamos algo de todos modos.<\/span><\/p>\n<p class=\"cvGsUA direction-ltr align-start para-style-body\"><span class=\"OYPEnA font-feature-liga-off font-feature-clig-off font-feature-calt-off text-decoration-none text-strikethrough-none\">En un mundo lleno de ruido, agotamiento y complejidad, estas son las voces que eligen el progreso sobre la perfecci\u00f3n. Que creen en el prop\u00f3sito tanto como en las ganancias. Que saben que una empresa puede ser peque\u00f1a y a\u00fan as\u00ed ser poderosa, si es honesta, humana y valiente.<\/span><\/p>\n<blockquote><\/blockquote><\/div>\n\t\t\t<\/div><div class=\"et_pb_button_module_wrapper et_pb_button_1_wrapper  et_pb_module\">\n\t\t\t\t<a class=\"et_pb_button et_d4_element et_pb_button_1 et_pb_bg_layout_light et_block_module\" href=\"https:\/\/be-aster.com\/es\/contact\/\" target=\"_blank\" data-icon=\"\uf35a\">Cont\u00e1ctanos<\/a>\n\t\t\t<\/div>\n\t\t\t<\/div><div class=\"et_d4_element et_pb_column_1_2 et_pb_column et_pb_column_8  et_pb_css_mix_blend_mode et-last-child et_block_column\">\n\t\t\t\t\n\t\t\t\t\n\t\t\t\t\n\t\t\t\t\n\t\t\t\t<div class=\"et_pb_module et_d4_element et_pb_text et_pb_text_11  et_pb_text_align_left et_pb_bg_layout_light\">\n\t\t\t\t\n\t\t\t\t\n\t\t\t\t\n\t\t\t\t\n\t\t\t\t<div class=\"et_pb_text_inner\"><p class=\"cvGsUA direction-ltr align-start para-style-body\"><span class=\"OYPEnA font-feature-liga-off font-feature-clig-off font-feature-calt-off text-decoration-none text-strikethrough-none\">En Aster, creemos que los negocios pueden ser una fuerza para el bien. Creemos que la creatividad, la estrategia y la empat\u00eda pueden coexistir. Y creemos que la mejor manera de crecer es hacerlo <\/span><span class=\"OYPEnA font-feature-liga-off font-feature-clig-off font-feature-calt-off text-decoration-none text-strikethrough-none\">juntos.<\/span><span class=\"OYPEnA font-feature-liga-off font-feature-clig-off font-feature-calt-off text-decoration-none text-strikethrough-none\">.<\/span><\/p>\n<p class=\"cvGsUA direction-ltr align-start para-style-body\"><span class=\"OYPEnA font-feature-liga-off font-feature-clig-off font-feature-calt-off text-decoration-none text-strikethrough-none\">Entonces, \u00bfqu\u00e9 sigue?<\/span><\/p>\n<p class=\"cvGsUA direction-ltr align-start para-style-body\"><span class=\"OYPEnA font-feature-liga-off font-feature-clig-off font-feature-calt-off text-decoration-none text-strikethrough-none\">Hablemos. Co-creemos. Descubramos lo que podr\u00edamos construir si comenzamos con una conversaci\u00f3n real.<\/span><\/p>\n<p class=\"cvGsUA direction-ltr align-start para-style-body\"><span class=\"OYPEnA font-feature-liga-off font-feature-clig-off font-feature-calt-off text-decoration-none text-strikethrough-none\">Exploremos tus metas y veamos c\u00f3mo Aster puede ayudarte a hacerlas realidad.<\/span><\/p>\n<blockquote><\/blockquote><\/div>\n\t\t\t<\/div><div class=\"et_pb_module et_d4_element et_pb_divider_1 et_pb_space et_pb_divider_hidden\"><div class=\"et_pb_divider_internal\"><\/div><\/div>\n\t\t\t<\/div>\n\t\t\t\t\n\t\t\t\t\n\t\t\t\t\n\t\t\t\t\n\t\t\t<\/div>\n\t\t\t\t\n\t\t\t\t\n\t\t\t<\/div><div class=\"et_d4_element et_pb_section et_pb_section_5  et_pb_css_mix_blend_mode et_section_regular et_block_section\" >\n\t\t\t\t\n\t\t\t\t\n\t\t\t\t\n\t\t\t\t\n\t\t\t\t\n\t\t\t\t\n\t\t\t\t<div class=\"et_d4_element et_pb_row et_pb_row_6 et_pb_equal_columns  et_pb_css_mix_blend_mode et_block_row\">\n\t\t\t\t<div class=\"et_d4_element et_pb_column_4_4 et_pb_column et_pb_column_9  et_pb_css_mix_blend_mode et-last-child et_block_column\">\n\t\t\t\t\n\t\t\t\t\n\t\t\t\t\n\t\t\t\t\n\t\t\t\t<div class=\"et_pb_module et_d4_element et_pb_text et_pb_text_12  et_pb_text_align_left et_pb_bg_layout_light\">\n\t\t\t\t\n\t\t\t\t\n\t\t\t\t\n\t\t\t\t\n\t\t\t\t<div class=\"et_pb_text_inner\"><h2><span class=\"OYPEnA font-feature-liga-off font-feature-clig-off font-feature-calt-off text-decoration-none text-strikethrough-none\">Centraliza tu operaci\u00f3n en un solo equipo<\/span><\/h2><\/div>\n\t\t\t<\/div><div class=\"et_pb_module et_d4_element et_pb_text et_pb_text_13  et_pb_text_align_left et_pb_bg_layout_light\">\n\t\t\t\t\n\t\t\t\t\n\t\t\t\t\n\t\t\t\t\n\t\t\t\t<div class=\"et_pb_text_inner\"><p class=\"cvGsUA direction-ltr align-start para-style-body\"><span class=\"OYPEnA font-feature-liga-off font-feature-clig-off font-feature-calt-off text-decoration-none text-strikethrough-none\">Nuestros servicios se encargan de ti, de principio a fin, en cualquier etapa de tu modelo operativo.<br \/><\/span><span style=\"font-size: 19px;\">En Aster, aceleramos el crecimiento de tu empresa a trav\u00e9s de una combinaci\u00f3n estrat\u00e9gica de branding, marketing digital, automatizaci\u00f3n y optimizaci\u00f3n de rendimiento. <\/span><span style=\"font-size: 19px;\">Ya sea que est\u00e9s comenzando o buscando escalar, dise\u00f1amos un plan adaptado a tus objetivos, basado no solo en tendencias, sino en resultados.<\/span><\/p><\/div>\n\t\t\t<\/div><div class=\"et_pb_module et_d4_element et_pb_image et_pb_image_0\">\n\t\t\t\t\n\t\t\t\t\n\t\t\t\t\n\t\t\t\t\n\t\t\t\t<span class=\"et_pb_image_wrap\"><img data-dominant-color=\"9ddbe1\" data-has-transparency=\"true\" style=\"--dominant-color: #9ddbe1;\" loading=\"lazy\" decoding=\"async\" width=\"1920\" height=\"1080\" src=\"https:\/\/be-aster.com\/wp-content\/uploads\/2025\/08\/Quien-es-Aster.png\" alt=\"Servicios de aster con logo interior centrado. marketing digital, SEO sem, ads, google\" title=\"Quie\u0301n es Aster - Servicios de marketing Digital\" srcset=\"https:\/\/be-aster.com\/wp-content\/uploads\/2025\/08\/Quien-es-Aster.png 1920w, https:\/\/be-aster.com\/wp-content\/uploads\/2025\/08\/Quien-es-Aster-1280x720.png 1280w, https:\/\/be-aster.com\/wp-content\/uploads\/2025\/08\/Quien-es-Aster-980x551.png 980w, https:\/\/be-aster.com\/wp-content\/uploads\/2025\/08\/Quien-es-Aster-480x270.png 480w\" sizes=\"(min-width: 0px) and (max-width: 480px) 480px, (min-width: 481px) and (max-width: 980px) 980px, (min-width: 981px) and (max-width: 1280px) 1280px, (min-width: 1281px) 1920px, 100vw\" class=\"wp-image-25102940 has-transparency\" \/><\/span>\n\t\t\t<\/div>\n\t\t\t<\/div>\n\t\t\t\t\n\t\t\t\t\n\t\t\t\t\n\t\t\t\t\n\t\t\t<\/div>\n\t\t\t\t\n\t\t\t\t\n\t\t\t<\/div><\/p>","protected":false},"excerpt":{"rendered":"","protected":false},"author":1,"featured_media":0,"parent":0,"menu_order":0,"comment_status":"closed","ping_status":"closed","template":"","meta":{"_et_pb_use_builder":"on","_et_pb_old_content":"","_et_gb_content_width":"","footnotes":""},"class_list":["post-25102891","page","type-page","status-publish","hentry"],"_links":{"self":[{"href":"https:\/\/be-aster.com\/es\/wp-json\/wp\/v2\/pages\/25102891","targetHints":{"allow":["GET"]}}],"collection":[{"href":"https:\/\/be-aster.com\/es\/wp-json\/wp\/v2\/pages"}],"about":[{"href":"https:\/\/be-aster.com\/es\/wp-json\/wp\/v2\/types\/page"}],"author":[{"embeddable":true,"href":"https:\/\/be-aster.com\/es\/wp-json\/wp\/v2\/users\/1"}],"replies":[{"embeddable":true,"href":"https:\/\/be-aster.com\/es\/wp-json\/wp\/v2\/comments?post=25102891"}],"version-history":[{"count":12,"href":"https:\/\/be-aster.com\/es\/wp-json\/wp\/v2\/pages\/25102891\/revisions"}],"predecessor-version":[{"id":25103039,"href":"https:\/\/be-aster.com\/es\/wp-json\/wp\/v2\/pages\/25102891\/revisions\/25103039"}],"wp:attachment":[{"href":"https:\/\/be-aster.com\/es\/wp-json\/wp\/v2\/media?parent=25102891"}],"curies":[{"name":"wp","href":"https:\/\/api.w.org\/{rel}","templated":true}]}}